{"id":37,"date":"2023-09-10T11:57:49","date_gmt":"2023-09-10T09:57:49","guid":{"rendered":"https:\/\/friends4help.info\/?page_id=37"},"modified":"2025-11-03T12:58:31","modified_gmt":"2025-11-03T11:58:31","slug":"mitglied-werden","status":"publish","type":"page","link":"https:\/\/friends4help.info\/?page_id=37","title":{"rendered":"Mitglied werden"},"content":{"rendered":"\n<p>Wenn Sie uns unterst\u00fctzen und dem Verein Friends4Help beitreten m\u00f6chten, f\u00fcllen Sie bitte die Beitrittserkl\u00e4rung aus.<\/p>\n\n\n\n<p><a href=\"https:\/\/friends4help.info\/wp-content\/uploads\/2025\/11\/Beitrittserklaerung_f4h_erweitert.pdf\" target=\"_blank\" rel=\"noreferrer noopener\">Beitrittserkl\u00e4rung <\/a>(PDF, barrierefrei)<\/p>\n\n\n\n<p><\/p>\n\n\n\n<figure class=\"wp-block-image size-full is-resized\"><img loading=\"lazy\" decoding=\"async\" width=\"1967\" height=\"2050\" src=\"https:\/\/friends4help.info\/wp-content\/uploads\/2025\/02\/Logo-Friends4Help.png\" alt=\"Der Schriftzug Friends4Help ist zu lesen, darunter befindet sich eine abstrakte Grafik in den Farben blau, gelb, orange und rot. Sie stellt eine Hand dar, die man auch als M\u00e4nnchen betrachten kann.\" class=\"wp-image-192\" style=\"width:327px;height:auto\" srcset=\"https:\/\/friends4help.info\/wp-content\/uploads\/2025\/02\/Logo-Friends4Help.png 1967w, https:\/\/friends4help.info\/wp-content\/uploads\/2025\/02\/Logo-Friends4Help-288x300.png 288w, https:\/\/friends4help.info\/wp-content\/uploads\/2025\/02\/Logo-Friends4Help-983x1024.png 983w, https:\/\/friends4help.info\/wp-content\/uploads\/2025\/02\/Logo-Friends4Help-768x800.png 768w, https:\/\/friends4help.info\/wp-content\/uploads\/2025\/02\/Logo-Friends4Help-1474x1536.png 1474w, https:\/\/friends4help.info\/wp-content\/uploads\/2025\/02\/Logo-Friends4Help-1965x2048.png 1965w\" sizes=\"auto, (max-width: 1967px) 100vw, 1967px\" \/><\/figure>\n","protected":false},"excerpt":{"rendered":"<p>Wenn Sie uns unterst\u00fctzen und dem Verein Friends4Help beitreten m\u00f6chten, f\u00fcllen Sie bitte die Beitrittserkl\u00e4rung aus. Beitrittserkl\u00e4rung (PDF, barrierefrei)<\/p>\n","protected":false},"author":2,"featured_media":0,"parent":22,"menu_order":4,"comment_status":"closed","ping_status":"closed","template":"","meta":{"footnotes":""},"class_list":["post-37","page","type-page","status-publish","hentry"],"_links":{"self":[{"href":"https:\/\/friends4help.info\/index.php?rest_route=\/wp\/v2\/pages\/37","targetHints":{"allow":["GET"]}}],"collection":[{"href":"https:\/\/friends4help.info\/index.php?rest_route=\/wp\/v2\/pages"}],"about":[{"href":"https:\/\/friends4help.info\/index.php?rest_route=\/wp\/v2\/types\/page"}],"author":[{"embeddable":true,"href":"https:\/\/friends4help.info\/index.php?rest_route=\/wp\/v2\/users\/2"}],"replies":[{"embeddable":true,"href":"https:\/\/friends4help.info\/index.php?rest_route=%2Fwp%2Fv2%2Fcomments&post=37"}],"version-history":[{"count":13,"href":"https:\/\/friends4help.info\/index.php?rest_route=\/wp\/v2\/pages\/37\/revisions"}],"predecessor-version":[{"id":223,"href":"https:\/\/friends4help.info\/index.php?rest_route=\/wp\/v2\/pages\/37\/revisions\/223"}],"up":[{"embeddable":true,"href":"https:\/\/friends4help.info\/index.php?rest_route=\/wp\/v2\/pages\/22"}],"wp:attachment":[{"href":"https:\/\/friends4help.info\/index.php?rest_route=%2Fwp%2Fv2%2Fmedia&parent=37"}],"curies":[{"name":"wp","href":"https:\/\/api.w.org\/{rel}","templated":true}]}}